{"id":129,"date":"2022-09-14T23:46:58","date_gmt":"2022-09-15T02:46:58","guid":{"rendered":"https:\/\/www.baixagrande.net\/acervos\/?page_id=129"},"modified":"2022-09-29T20:04:42","modified_gmt":"2022-09-29T23:04:42","slug":"bruno-pamponet","status":"publish","type":"page","link":"https:\/\/www.baixagrande.net\/acervos\/bruno-pamponet\/","title":{"rendered":"Bruno Pamponet"},"content":{"rendered":"\r\n<figure class=\"wp-block-gallery has-nested-images columns-5 is-cropped wp-block-gallery-1 is-layout-flex wp-block-gallery-is-layout-flex\">\r\n<figure class=\"wp-block-image size-large\"><a href=\"https:\/\/www.baixagrande.net\/acervos\/?page_id=143&amp;preview=true\"><img loading=\"lazy\" decoding=\"async\" width=\"785\" height=\"105\" data-id=\"88\" src=\"https:\/\/www.baixagrande.net\/acervos\/wp-content\/uploads\/2022\/09\/tribuna.png\" alt=\"\" class=\"wp-image-88\" srcset=\"https:\/\/www.baixagrande.net\/acervos\/wp-content\/uploads\/2022\/09\/tribuna.png 785w, https:\/\/www.baixagrande.net\/acervos\/wp-content\/uploads\/2022\/09\/tribuna-300x40.png 300w, https:\/\/www.baixagrande.net\/acervos\/wp-content\/uploads\/2022\/09\/tribuna-768x103.png 768w\" sizes=\"auto, (max-width: 785px) 100vw, 785px\" \/><\/a><\/figure>\r\n\r\n\r\n\r\n<figure class=\"wp-block-image size-large\"><a href=\"https:\/\/www.baixagrande.net\/acervos\/?page_id=125&amp;preview=true\"><img loading=\"lazy\" decoding=\"async\" width=\"785\" height=\"105\" data-id=\"92\" src=\"https:\/\/www.baixagrande.net\/acervos\/wp-content\/uploads\/2022\/09\/anisvaldo.png\" alt=\"\" class=\"wp-image-92\" srcset=\"https:\/\/www.baixagrande.net\/acervos\/wp-content\/uploads\/2022\/09\/anisvaldo.png 785w, https:\/\/www.baixagrande.net\/acervos\/wp-content\/uploads\/2022\/09\/anisvaldo-300x40.png 300w, https:\/\/www.baixagrande.net\/acervos\/wp-content\/uploads\/2022\/09\/anisvaldo-768x103.png 768w\" sizes=\"auto, (max-width: 785px) 100vw, 785px\" \/><\/a><\/figure>\r\n\r\n\r\n\r\n<figure class=\"wp-block-image size-large\"><a href=\"https:\/\/www.baixagrande.net\/acervos\/?page_id=127&amp;preview=true\"><img loading=\"lazy\" decoding=\"async\" width=\"785\" height=\"104\" data-id=\"90\" src=\"https:\/\/www.baixagrande.net\/acervos\/wp-content\/uploads\/2022\/09\/antoniodias.png\" alt=\"\" class=\"wp-image-90\" srcset=\"https:\/\/www.baixagrande.net\/acervos\/wp-content\/uploads\/2022\/09\/antoniodias.png 785w, https:\/\/www.baixagrande.net\/acervos\/wp-content\/uploads\/2022\/09\/antoniodias-300x40.png 300w, https:\/\/www.baixagrande.net\/acervos\/wp-content\/uploads\/2022\/09\/antoniodias-768x102.png 768w\" sizes=\"auto, (max-width: 785px) 100vw, 785px\" \/><\/a><\/figure>\r\n\r\n\r\n\r\n<figure class=\"wp-block-image size-large\"><a href=\"https:\/\/www.baixagrande.net\/acervos\/?page_id=129&amp;preview=true\"><img loading=\"lazy\" decoding=\"async\" width=\"785\" height=\"105\" data-id=\"93\" src=\"https:\/\/www.baixagrande.net\/acervos\/wp-content\/uploads\/2022\/09\/bruno.jpg\" alt=\"\" class=\"wp-image-93\" srcset=\"https:\/\/www.baixagrande.net\/acervos\/wp-content\/uploads\/2022\/09\/bruno.jpg 785w, https:\/\/www.baixagrande.net\/acervos\/wp-content\/uploads\/2022\/09\/bruno-300x40.jpg 300w, https:\/\/www.baixagrande.net\/acervos\/wp-content\/uploads\/2022\/09\/bruno-768x103.jpg 768w\" sizes=\"auto, (max-width: 785px) 100vw, 785px\" \/><\/a><\/figure>\r\n\r\n\r\n\r\n<figure class=\"wp-block-image size-large\"><a href=\"https:\/\/www.baixagrande.net\/acervos\/?page_id=131&amp;preview=true\"><img loading=\"lazy\" decoding=\"async\" width=\"785\" height=\"105\" data-id=\"91\" src=\"https:\/\/www.baixagrande.net\/acervos\/wp-content\/uploads\/2022\/09\/elias.png\" alt=\"\" class=\"wp-image-91\" srcset=\"https:\/\/www.baixagrande.net\/acervos\/wp-content\/uploads\/2022\/09\/elias.png 785w, https:\/\/www.baixagrande.net\/acervos\/wp-content\/uploads\/2022\/09\/elias-300x40.png 300w, https:\/\/www.baixagrande.net\/acervos\/wp-content\/uploads\/2022\/09\/elias-768x103.png 768w\" sizes=\"auto, (max-width: 785px) 100vw, 785px\" \/><\/a><\/figure>\r\n\r\n\r\n\r\n<figure class=\"wp-block-image size-large\"><a href=\"https:\/\/www.baixagrande.net\/acervos\/?page_id=133&amp;preview=true\"><img loading=\"lazy\" decoding=\"async\" width=\"785\" height=\"105\" data-id=\"89\" src=\"https:\/\/www.baixagrande.net\/acervos\/wp-content\/uploads\/2022\/09\/geovane.png\" alt=\"\" class=\"wp-image-89\" srcset=\"https:\/\/www.baixagrande.net\/acervos\/wp-content\/uploads\/2022\/09\/geovane.png 785w, https:\/\/www.baixagrande.net\/acervos\/wp-content\/uploads\/2022\/09\/geovane-300x40.png 300w, https:\/\/www.baixagrande.net\/acervos\/wp-content\/uploads\/2022\/09\/geovane-768x103.png 768w\" sizes=\"auto, (max-width: 785px) 100vw, 785px\" \/><\/a><\/figure>\r\n\r\n\r\n\r\n<figure class=\"wp-block-image size-large\"><a href=\"https:\/\/www.baixagrande.net\/acervos\/?page_id=135&amp;preview=true\"><img loading=\"lazy\" decoding=\"async\" width=\"785\" height=\"105\" data-id=\"96\" src=\"https:\/\/www.baixagrande.net\/acervos\/wp-content\/uploads\/2022\/09\/ivambergue.png\" alt=\"\" class=\"wp-image-96\" srcset=\"https:\/\/www.baixagrande.net\/acervos\/wp-content\/uploads\/2022\/09\/ivambergue.png 785w, https:\/\/www.baixagrande.net\/acervos\/wp-content\/uploads\/2022\/09\/ivambergue-300x40.png 300w, https:\/\/www.baixagrande.net\/acervos\/wp-content\/uploads\/2022\/09\/ivambergue-768x103.png 768w\" sizes=\"auto, (max-width: 785px) 100vw, 785px\" \/><\/a><\/figure>\r\n\r\n\r\n\r\n<figure class=\"wp-block-image size-large\"><a href=\"https:\/\/www.baixagrande.net\/acervos\/?page_id=137&amp;preview=true\"><img loading=\"lazy\" decoding=\"async\" width=\"785\" height=\"105\" data-id=\"97\" src=\"https:\/\/www.baixagrande.net\/acervos\/wp-content\/uploads\/2022\/09\/marcioazevedo.png\" alt=\"\" class=\"wp-image-97\" srcset=\"https:\/\/www.baixagrande.net\/acervos\/wp-content\/uploads\/2022\/09\/marcioazevedo.png 785w, https:\/\/www.baixagrande.net\/acervos\/wp-content\/uploads\/2022\/09\/marcioazevedo-300x40.png 300w, https:\/\/www.baixagrande.net\/acervos\/wp-content\/uploads\/2022\/09\/marcioazevedo-768x103.png 768w\" sizes=\"auto, (max-width: 785px) 100vw, 785px\" \/><\/a><\/figure>\r\n\r\n\r\n\r\n<figure class=\"wp-block-image size-large\"><a href=\"https:\/\/www.baixagrande.net\/acervos\/?page_id=139&amp;preview=true\"><img loading=\"lazy\" decoding=\"async\" width=\"785\" height=\"105\" data-id=\"94\" src=\"https:\/\/www.baixagrande.net\/acervos\/wp-content\/uploads\/2022\/09\/pedrolima.png\" alt=\"\" class=\"wp-image-94\" srcset=\"https:\/\/www.baixagrande.net\/acervos\/wp-content\/uploads\/2022\/09\/pedrolima.png 785w, https:\/\/www.baixagrande.net\/acervos\/wp-content\/uploads\/2022\/09\/pedrolima-300x40.png 300w, https:\/\/www.baixagrande.net\/acervos\/wp-content\/uploads\/2022\/09\/pedrolima-768x103.png 768w\" sizes=\"auto, (max-width: 785px) 100vw, 785px\" \/><\/a><\/figure>\r\n\r\n\r\n\r\n<figure class=\"wp-block-image size-large\"><a href=\"https:\/\/www.baixagrande.net\/acervos\/?page_id=141&amp;preview=true\"><img loading=\"lazy\" decoding=\"async\" width=\"785\" height=\"105\" data-id=\"95\" src=\"https:\/\/www.baixagrande.net\/acervos\/wp-content\/uploads\/2022\/09\/romulo.jpg\" alt=\"\" class=\"wp-image-95\" srcset=\"https:\/\/www.baixagrande.net\/acervos\/wp-content\/uploads\/2022\/09\/romulo.jpg 785w, https:\/\/www.baixagrande.net\/acervos\/wp-content\/uploads\/2022\/09\/romulo-300x40.jpg 300w, https:\/\/www.baixagrande.net\/acervos\/wp-content\/uploads\/2022\/09\/romulo-768x103.jpg 768w\" sizes=\"auto, (max-width: 785px) 100vw, 785px\" \/><\/a><\/figure>\r\n<\/figure>\r\n\r\n\r\n\n\t\t\t<div class=\"wp-block-uagb-post-grid uagb-post-grid  uagb-post__image-position-top uagb-post__image-enabled uagb-block-ce4dfce9     uagb-post__items uagb-post__columns-3 is-grid uagb-post__columns-tablet-2 uagb-post__columns-mobile-1 uagb-post__equal-height\"\n\t\t\t\tdata-total=\"1\"\n\t\t\t\tstyle=\"\"\n\t\t\t>\n\n\t\t\t\t\t\t\t\t\t\t\t\t<article class=\"uagb-post__inner-wrap\">\t\t\t\t\t\t\t\t<h4 class=\"uagb-post__title uagb-post__text\">\n\t\t\t\t<a href=\"https:\/\/www.baixagrande.net\/acervos\/2006\/11\/01\/0037-vereador-bruno-pamponet-kunh-pereira-01-de-novembro-de-2006\/\" target=\"_self\" rel=\"bookmark noopener noreferrer\">0037 | Vereador, Bruno Pamponet Kunh Pereira, 01 de Novembro de 2006<\/a>\n\t\t\t<\/h4>\n\t\t\t\t\t\t<div class='uagb-post__text uagb-post-grid-byline'>\n\t\t\t\t\t\t\t<\/div>\n\t\t\t\t\t\t<div class=\"uagb-post__text uagb-post__cta wp-block-button\">\n\t\t\t\t<a class=\"wp-block-button__link uagb-text-link\" href=\"https:\/\/www.baixagrande.net\/acervos\/2006\/11\/01\/0037-vereador-bruno-pamponet-kunh-pereira-01-de-novembro-de-2006\/\" target=\"_self\" rel=\"bookmark noopener noreferrer\">Abrir<\/a>\n\t\t\t<\/div>\n\t\t\t\t\t\t\t\t\t\t\t\t<\/article>\n\t\t\t\t\t\t\t\t\t\t\t\t\t\t\t\t<article class=\"uagb-post__inner-wrap\">\t\t\t\t\t\t\t\t<h4 class=\"uagb-post__title uagb-post__text\">\n\t\t\t\t<a href=\"https:\/\/www.baixagrande.net\/acervos\/2006\/10\/19\/0029-vereador-bruno-pamponet-kunh-pereira-19-de-outubro-de-2006\/\" target=\"_self\" rel=\"bookmark noopener noreferrer\">0029 | Vereador, Bruno Pamponet Kunh Pereira, 19 de Outubro de 2006<\/a>\n\t\t\t<\/h4>\n\t\t\t\t\t\t<div class='uagb-post__text uagb-post-grid-byline'>\n\t\t\t\t\t\t\t<\/div>\n\t\t\t\t\t\t<div class=\"uagb-post__text uagb-post__cta wp-block-button\">\n\t\t\t\t<a class=\"wp-block-button__link uagb-text-link\" href=\"https:\/\/www.baixagrande.net\/acervos\/2006\/10\/19\/0029-vereador-bruno-pamponet-kunh-pereira-19-de-outubro-de-2006\/\" target=\"_self\" rel=\"bookmark noopener noreferrer\">Abrir<\/a>\n\t\t\t<\/div>\n\t\t\t\t\t\t\t\t\t\t\t\t<\/article>\n\t\t\t\t\t\t\t\t\t\t\t\t\t\t\t\t<article class=\"uagb-post__inner-wrap\">\t\t\t\t\t\t\t\t<h4 class=\"uagb-post__title uagb-post__text\">\n\t\t\t\t<a href=\"https:\/\/www.baixagrande.net\/acervos\/2006\/10\/11\/0026-vereador-bruno-pamponet-kunh-pereira-11-de-outubro-de-2006\/\" target=\"_self\" rel=\"bookmark noopener noreferrer\">0026 | Vereador, Bruno Pamponet Kunh Pereira, 11 de Outubro de 2006<\/a>\n\t\t\t<\/h4>\n\t\t\t\t\t\t<div class='uagb-post__text uagb-post-grid-byline'>\n\t\t\t\t\t\t\t<\/div>\n\t\t\t\t\t\t<div class=\"uagb-post__text uagb-post__cta wp-block-button\">\n\t\t\t\t<a class=\"wp-block-button__link uagb-text-link\" href=\"https:\/\/www.baixagrande.net\/acervos\/2006\/10\/11\/0026-vereador-bruno-pamponet-kunh-pereira-11-de-outubro-de-2006\/\" target=\"_self\" rel=\"bookmark noopener noreferrer\">Abrir<\/a>\n\t\t\t<\/div>\n\t\t\t\t\t\t\t\t\t\t\t\t<\/article>\n\t\t\t\t\t\t\t\t\t\t\t\t\t\t\t\t<article class=\"uagb-post__inner-wrap\">\t\t\t\t\t\t\t\t<h4 class=\"uagb-post__title uagb-post__text\">\n\t\t\t\t<a href=\"https:\/\/www.baixagrande.net\/acervos\/2006\/10\/11\/0021-vereador-elias-ferreira-da-silva-11-de-outubro-de-2006\/\" target=\"_self\" rel=\"bookmark noopener noreferrer\">0021 | Vereador, Elias Ferreira da Silva, 11 de Outubro de 2006<\/a>\n\t\t\t<\/h4>\n\t\t\t\t\t\t<div class='uagb-post__text uagb-post-grid-byline'>\n\t\t\t\t\t\t\t<\/div>\n\t\t\t\t\t\t<div class=\"uagb-post__text uagb-post__cta wp-block-button\">\n\t\t\t\t<a class=\"wp-block-button__link uagb-text-link\" href=\"https:\/\/www.baixagrande.net\/acervos\/2006\/10\/11\/0021-vereador-elias-ferreira-da-silva-11-de-outubro-de-2006\/\" target=\"_self\" rel=\"bookmark noopener noreferrer\">Abrir<\/a>\n\t\t\t<\/div>\n\t\t\t\t\t\t\t\t\t\t\t\t<\/article>\n\t\t\t\t\t\t\t\t\t\t\t\t\t\t\t\t<article class=\"uagb-post__inner-wrap\">\t\t\t\t\t\t\t\t<h4 class=\"uagb-post__title uagb-post__text\">\n\t\t\t\t<a href=\"https:\/\/www.baixagrande.net\/acervos\/2006\/08\/10\/0016-vereador-bruno-pamponet-kunh-pereira-10-de-agosto-de-2006\/\" target=\"_self\" rel=\"bookmark noopener noreferrer\">0016 | Vereador, Bruno Pamponet Kunh Pereira, 10 de agosto de 2006<\/a>\n\t\t\t<\/h4>\n\t\t\t\t\t\t<div class='uagb-post__text uagb-post-grid-byline'>\n\t\t\t\t\t\t\t<\/div>\n\t\t\t\t\t\t<div class=\"uagb-post__text uagb-post__cta wp-block-button\">\n\t\t\t\t<a class=\"wp-block-button__link uagb-text-link\" href=\"https:\/\/www.baixagrande.net\/acervos\/2006\/08\/10\/0016-vereador-bruno-pamponet-kunh-pereira-10-de-agosto-de-2006\/\" target=\"_self\" rel=\"bookmark noopener noreferrer\">Abrir<\/a>\n\t\t\t<\/div>\n\t\t\t\t\t\t\t\t\t\t\t\t<\/article>\n\t\t\t\t\t\t\t\t\t\t\t\t\t\t\t\t<article class=\"uagb-post__inner-wrap\">\t\t\t\t\t\t\t\t<h4 class=\"uagb-post__title uagb-post__text\">\n\t\t\t\t<a href=\"https:\/\/www.baixagrande.net\/acervos\/2006\/05\/25\/0001-cidadao-cinthia-cristhiane-pereira-sousa-25-de-maio-de-2006\/\" target=\"_self\" rel=\"bookmark noopener noreferrer\">0001 | Tribuna Livre do Povo, Cinthia Cristhiane Pereira Sousa<\/a>\n\t\t\t<\/h4>\n\t\t\t\t\t\t<div class='uagb-post__text uagb-post-grid-byline'>\n\t\t\t\t\t\t\t<\/div>\n\t\t\t\t\t\t<div class=\"uagb-post__text uagb-post__cta wp-block-button\">\n\t\t\t\t<a class=\"wp-block-button__link uagb-text-link\" href=\"https:\/\/www.baixagrande.net\/acervos\/2006\/05\/25\/0001-cidadao-cinthia-cristhiane-pereira-sousa-25-de-maio-de-2006\/\" target=\"_self\" rel=\"bookmark noopener noreferrer\">Abrir<\/a>\n\t\t\t<\/div>\n\t\t\t\t\t\t\t\t\t\t\t\t<\/article>\n\t\t\t\t\t\t\t\t\t\t\t<\/div>\n\t\t\t<div class=\"pvc_clear\"><\/div><p id=\"pvc_stats_129\" class=\"pvc_stats all  \" data-element-id=\"129\" style=\"\"><i class=\"pvc-stats-icon medium\" aria-hidden=\"true\"><svg aria-hidden=\"true\" focusable=\"false\" data-prefix=\"far\" data-icon=\"chart-bar\" role=\"img\" xmlns=\"http:\/\/www.w3.org\/2000\/svg\" viewBox=\"0 0 512 512\" class=\"svg-inline--fa fa-chart-bar fa-w-16 fa-2x\"><path fill=\"currentColor\" d=\"M396.8 352h22.4c6.4 0 12.8-6.4 12.8-12.8V108.8c0-6.4-6.4-12.8-12.8-12.8h-22.4c-6.4 0-12.8 6.4-12.8 12.8v230.4c0 6.4 6.4 12.8 12.8 12.8zm-192 0h22.4c6.4 0 12.8-6.4 12.8-12.8V140.8c0-6.4-6.4-12.8-12.8-12.8h-22.4c-6.4 0-12.8 6.4-12.8 12.8v198.4c0 6.4 6.4 12.8 12.8 12.8zm96 0h22.4c6.4 0 12.8-6.4 12.8-12.8V204.8c0-6.4-6.4-12.8-12.8-12.8h-22.4c-6.4 0-12.8 6.4-12.8 12.8v134.4c0 6.4 6.4 12.8 12.8 12.8zM496 400H48V80c0-8.84-7.16-16-16-16H16C7.16 64 0 71.16 0 80v336c0 17.67 14.33 32 32 32h464c8.84 0 16-7.16 16-16v-16c0-8.84-7.16-16-16-16zm-387.2-48h22.4c6.4 0 12.8-6.4 12.8-12.8v-70.4c0-6.4-6.4-12.8-12.8-12.8h-22.4c-6.4 0-12.8 6.4-12.8 12.8v70.4c0 6.4 6.4 12.8 12.8 12.8z\" class=\"\"><\/path><\/svg><\/i> <img loading=\"lazy\" decoding=\"async\" width=\"16\" height=\"16\" alt=\"Loading\" src=\"https:\/\/www.baixagrande.net\/acervos\/wp-content\/plugins\/page-views-count\/ajax-loader-2x.gif\" border=0 \/><\/p><div class=\"pvc_clear\"><\/div>","protected":false},"excerpt":{"rendered":"<div class=\"pvc_clear\"><\/div>\n<p id=\"pvc_stats_129\" class=\"pvc_stats all  \" data-element-id=\"129\" style=\"\"><i class=\"pvc-stats-icon medium\" aria-hidden=\"true\"><svg aria-hidden=\"true\" focusable=\"false\" data-prefix=\"far\" data-icon=\"chart-bar\" role=\"img\" xmlns=\"http:\/\/www.w3.org\/2000\/svg\" viewBox=\"0 0 512 512\" class=\"svg-inline--fa fa-chart-bar fa-w-16 fa-2x\"><path fill=\"currentColor\" d=\"M396.8 352h22.4c6.4 0 12.8-6.4 12.8-12.8V108.8c0-6.4-6.4-12.8-12.8-12.8h-22.4c-6.4 0-12.8 6.4-12.8 12.8v230.4c0 6.4 6.4 12.8 12.8 12.8zm-192 0h22.4c6.4 0 12.8-6.4 12.8-12.8V140.8c0-6.4-6.4-12.8-12.8-12.8h-22.4c-6.4 0-12.8 6.4-12.8 12.8v198.4c0 6.4 6.4 12.8 12.8 12.8zm96 0h22.4c6.4 0 12.8-6.4 12.8-12.8V204.8c0-6.4-6.4-12.8-12.8-12.8h-22.4c-6.4 0-12.8 6.4-12.8 12.8v134.4c0 6.4 6.4 12.8 12.8 12.8zM496 400H48V80c0-8.84-7.16-16-16-16H16C7.16 64 0 71.16 0 80v336c0 17.67 14.33 32 32 32h464c8.84 0 16-7.16 16-16v-16c0-8.84-7.16-16-16-16zm-387.2-48h22.4c6.4 0 12.8-6.4 12.8-12.8v-70.4c0-6.4-6.4-12.8-12.8-12.8h-22.4c-6.4 0-12.8 6.4-12.8 12.8v70.4c0 6.4 6.4 12.8 12.8 12.8z\" class=\"\"><\/path><\/svg><\/i> <img loading=\"lazy\" decoding=\"async\" width=\"16\" height=\"16\" alt=\"Loading\" src=\"https:\/\/www.baixagrande.net\/acervos\/wp-content\/plugins\/page-views-count\/ajax-loader-2x.gif\" border=0 \/><\/p>\n<div class=\"pvc_clear\"><\/div>\n","protected":false},"author":1,"featured_media":0,"parent":0,"menu_order":0,"comment_status":"closed","ping_status":"closed","template":"","meta":{"sfsi_plus_gutenberg_text_before_share":"","sfsi_plus_gutenberg_show_text_before_share":"","sfsi_plus_gutenberg_icon_type":"","sfsi_plus_gutenberg_icon_alignemt":"","sfsi_plus_gutenburg_max_per_row":"","footnotes":""},"class_list":["post-129","page","type-page","status-publish","hentry"],"yoast_head":"<!-- This site is optimized with the Yoast SEO plugin v21.0 - https:\/\/yoast.com\/wordpress\/plugins\/seo\/ -->\n<title>Bruno Pamponet - Acervos Tribuna Livre da C\u00e2mara de Baixa Grande<\/title>\n<meta name=\"robots\" content=\"index, follow, max-snippet:-1, max-image-preview:large, max-video-preview:-1\" \/>\n<link rel=\"canonical\" href=\"https:\/\/www.baixagrande.net\/acervos\/bruno-pamponet\/\" \/>\n<meta property=\"og:locale\" content=\"pt_BR\" \/>\n<meta property=\"og:type\" content=\"article\" \/>\n<meta property=\"og:title\" content=\"Bruno Pamponet - Acervos Tribuna Livre da C\u00e2mara de Baixa Grande\" \/>\n<meta property=\"og:url\" content=\"https:\/\/www.baixagrande.net\/acervos\/bruno-pamponet\/\" \/>\n<meta property=\"og:site_name\" content=\"Acervos Tribuna Livre da C\u00e2mara de Baixa Grande\" \/>\n<meta property=\"article:modified_time\" content=\"2022-09-29T23:04:42+00:00\" \/>\n<meta property=\"og:image\" content=\"https:\/\/www.baixagrande.net\/acervos\/wp-content\/uploads\/2022\/09\/tribuna.png\" \/>\n<meta name=\"twitter:card\" content=\"summary_large_image\" \/>\n<meta name=\"twitter:label1\" content=\"Est. tempo de leitura\" \/>\n\t<meta name=\"twitter:data1\" content=\"2 minutos\" \/>\n<script type=\"application\/ld+json\" class=\"yoast-schema-graph\">{\"@context\":\"https:\/\/schema.org\",\"@graph\":[{\"@type\":\"WebPage\",\"@id\":\"https:\/\/www.baixagrande.net\/acervos\/bruno-pamponet\/\",\"url\":\"https:\/\/www.baixagrande.net\/acervos\/bruno-pamponet\/\",\"name\":\"Bruno Pamponet - Acervos Tribuna Livre da C\u00e2mara de Baixa Grande\",\"isPartOf\":{\"@id\":\"https:\/\/www.baixagrande.net\/acervos\/#website\"},\"datePublished\":\"2022-09-15T02:46:58+00:00\",\"dateModified\":\"2022-09-29T23:04:42+00:00\",\"breadcrumb\":{\"@id\":\"https:\/\/www.baixagrande.net\/acervos\/bruno-pamponet\/#breadcrumb\"},\"inLanguage\":\"pt-BR\",\"potentialAction\":[{\"@type\":\"ReadAction\",\"target\":[\"https:\/\/www.baixagrande.net\/acervos\/bruno-pamponet\/\"]}]},{\"@type\":\"BreadcrumbList\",\"@id\":\"https:\/\/www.baixagrande.net\/acervos\/bruno-pamponet\/#breadcrumb\",\"itemListElement\":[{\"@type\":\"ListItem\",\"position\":1,\"name\":\"In\u00edcio\",\"item\":\"https:\/\/www.baixagrande.net\/acervos\/\"},{\"@type\":\"ListItem\",\"position\":2,\"name\":\"Bruno Pamponet\"}]},{\"@type\":\"WebSite\",\"@id\":\"https:\/\/www.baixagrande.net\/acervos\/#website\",\"url\":\"https:\/\/www.baixagrande.net\/acervos\/\",\"name\":\"Acervos Tribuna Livre da C\u00e2mara de Baixa Grande\",\"description\":\"\u00c1udios do acervo de Ediom\u00e1rio Catureba\",\"publisher\":{\"@id\":\"https:\/\/www.baixagrande.net\/acervos\/#organization\"},\"potentialAction\":[{\"@type\":\"SearchAction\",\"target\":{\"@type\":\"EntryPoint\",\"urlTemplate\":\"https:\/\/www.baixagrande.net\/acervos\/?s={search_term_string}\"},\"query-input\":\"required name=search_term_string\"}],\"inLanguage\":\"pt-BR\"},{\"@type\":\"Organization\",\"@id\":\"https:\/\/www.baixagrande.net\/acervos\/#organization\",\"name\":\"Acervos Tribuna Livre da C\u00e2mara de Baixa Grande\",\"url\":\"https:\/\/www.baixagrande.net\/acervos\/\",\"logo\":{\"@type\":\"ImageObject\",\"inLanguage\":\"pt-BR\",\"@id\":\"https:\/\/www.baixagrande.net\/acervos\/#\/schema\/logo\/image\/\",\"url\":\"https:\/\/www.baixagrande.net\/acervos\/wp-content\/uploads\/2022\/08\/cropped-logo.jpg\",\"contentUrl\":\"https:\/\/www.baixagrande.net\/acervos\/wp-content\/uploads\/2022\/08\/cropped-logo.jpg\",\"width\":665,\"height\":435,\"caption\":\"Acervos Tribuna Livre da C\u00e2mara de Baixa Grande\"},\"image\":{\"@id\":\"https:\/\/www.baixagrande.net\/acervos\/#\/schema\/logo\/image\/\"}}]}<\/script>\n<!-- \/ Yoast SEO plugin. -->","yoast_head_json":{"title":"Bruno Pamponet - Acervos Tribuna Livre da C\u00e2mara de Baixa Grande","robots":{"index":"index","follow":"follow","max-snippet":"max-snippet:-1","max-image-preview":"max-image-preview:large","max-video-preview":"max-video-preview:-1"},"canonical":"https:\/\/www.baixagrande.net\/acervos\/bruno-pamponet\/","og_locale":"pt_BR","og_type":"article","og_title":"Bruno Pamponet - Acervos Tribuna Livre da C\u00e2mara de Baixa Grande","og_url":"https:\/\/www.baixagrande.net\/acervos\/bruno-pamponet\/","og_site_name":"Acervos Tribuna Livre da C\u00e2mara de Baixa Grande","article_modified_time":"2022-09-29T23:04:42+00:00","og_image":[{"url":"https:\/\/www.baixagrande.net\/acervos\/wp-content\/uploads\/2022\/09\/tribuna.png"}],"twitter_card":"summary_large_image","twitter_misc":{"Est. tempo de leitura":"2 minutos"},"schema":{"@context":"https:\/\/schema.org","@graph":[{"@type":"WebPage","@id":"https:\/\/www.baixagrande.net\/acervos\/bruno-pamponet\/","url":"https:\/\/www.baixagrande.net\/acervos\/bruno-pamponet\/","name":"Bruno Pamponet - Acervos Tribuna Livre da C\u00e2mara de Baixa Grande","isPartOf":{"@id":"https:\/\/www.baixagrande.net\/acervos\/#website"},"datePublished":"2022-09-15T02:46:58+00:00","dateModified":"2022-09-29T23:04:42+00:00","breadcrumb":{"@id":"https:\/\/www.baixagrande.net\/acervos\/bruno-pamponet\/#breadcrumb"},"inLanguage":"pt-BR","potentialAction":[{"@type":"ReadAction","target":["https:\/\/www.baixagrande.net\/acervos\/bruno-pamponet\/"]}]},{"@type":"BreadcrumbList","@id":"https:\/\/www.baixagrande.net\/acervos\/bruno-pamponet\/#breadcrumb","itemListElement":[{"@type":"ListItem","position":1,"name":"In\u00edcio","item":"https:\/\/www.baixagrande.net\/acervos\/"},{"@type":"ListItem","position":2,"name":"Bruno Pamponet"}]},{"@type":"WebSite","@id":"https:\/\/www.baixagrande.net\/acervos\/#website","url":"https:\/\/www.baixagrande.net\/acervos\/","name":"Acervos Tribuna Livre da C\u00e2mara de Baixa Grande","description":"\u00c1udios do acervo de Ediom\u00e1rio Catureba","publisher":{"@id":"https:\/\/www.baixagrande.net\/acervos\/#organization"},"potentialAction":[{"@type":"SearchAction","target":{"@type":"EntryPoint","urlTemplate":"https:\/\/www.baixagrande.net\/acervos\/?s={search_term_string}"},"query-input":"required name=search_term_string"}],"inLanguage":"pt-BR"},{"@type":"Organization","@id":"https:\/\/www.baixagrande.net\/acervos\/#organization","name":"Acervos Tribuna Livre da C\u00e2mara de Baixa Grande","url":"https:\/\/www.baixagrande.net\/acervos\/","logo":{"@type":"ImageObject","inLanguage":"pt-BR","@id":"https:\/\/www.baixagrande.net\/acervos\/#\/schema\/logo\/image\/","url":"https:\/\/www.baixagrande.net\/acervos\/wp-content\/uploads\/2022\/08\/cropped-logo.jpg","contentUrl":"https:\/\/www.baixagrande.net\/acervos\/wp-content\/uploads\/2022\/08\/cropped-logo.jpg","width":665,"height":435,"caption":"Acervos Tribuna Livre da C\u00e2mara de Baixa Grande"},"image":{"@id":"https:\/\/www.baixagrande.net\/acervos\/#\/schema\/logo\/image\/"}}]}},"uagb_featured_image_src":{"full":false,"thumbnail":false,"medium":false,"medium_large":false,"large":false,"1536x1536":false,"2048x2048":false},"uagb_author_info":{"display_name":"ediomario","author_link":"https:\/\/www.baixagrande.net\/acervos\/author\/ediomario\/"},"uagb_comment_info":0,"uagb_excerpt":null,"_links":{"self":[{"href":"https:\/\/www.baixagrande.net\/acervos\/wp-json\/wp\/v2\/pages\/129","targetHints":{"allow":["GET"]}}],"collection":[{"href":"https:\/\/www.baixagrande.net\/acervos\/wp-json\/wp\/v2\/pages"}],"about":[{"href":"https:\/\/www.baixagrande.net\/acervos\/wp-json\/wp\/v2\/types\/page"}],"author":[{"embeddable":true,"href":"https:\/\/www.baixagrande.net\/acervos\/wp-json\/wp\/v2\/users\/1"}],"replies":[{"embeddable":true,"href":"https:\/\/www.baixagrande.net\/acervos\/wp-json\/wp\/v2\/comments?post=129"}],"version-history":[{"count":3,"href":"https:\/\/www.baixagrande.net\/acervos\/wp-json\/wp\/v2\/pages\/129\/revisions"}],"predecessor-version":[{"id":152,"href":"https:\/\/www.baixagrande.net\/acervos\/wp-json\/wp\/v2\/pages\/129\/revisions\/152"}],"wp:attachment":[{"href":"https:\/\/www.baixagrande.net\/acervos\/wp-json\/wp\/v2\/media?parent=129"}],"curies":[{"name":"wp","href":"https:\/\/api.w.org\/{rel}","templated":true}]}}