{"id":537,"date":"2023-09-13T06:20:03","date_gmt":"2023-09-13T09:20:03","guid":{"rendered":"https:\/\/www.baixagrande.net\/classificado\/?page_id=537"},"modified":"2024-01-04T11:29:54","modified_gmt":"2024-01-04T14:29:54","slug":"orgaos-publicos","status":"publish","type":"page","link":"https:\/\/www.baixagrande.net\/classificado\/orgaos-publicos\/","title":{"rendered":"\u00d3rg\u00e3os P\u00fablicos"},"content":{"rendered":"\n\t\t\t<div class=\"wp-block-uagb-post-grid uagb-post-grid  uagb-post__image-position-top uagb-post__image-enabled uagb-block-7515bdb2     uagb-post__items uagb-post__columns-2 is-grid uagb-post__columns-tablet-2 uagb-post__columns-mobile-2 uagb-post__equal-height\" data-total=\"1\" style=\"\">\n\n\t\t\t\t\t\t\t\t\t\t\t\t<article class=\"uagb-post__inner-wrap\">\t\t\t\t\t\t\t\t<div class='uagb-post__image'>\n\t\t\t\t\t\t\t\t\t<a href=\"https:\/\/www.baixagrande.net\/classificado\/2024\/01\/09\/creas\/\" target=\"_self\" rel=\"bookmark noopener noreferrer\" class='uagb-image-ratio-inherit'><img loading=\"lazy\" decoding=\"async\" width=\"650\" height=\"347\" src=\"https:\/\/www.baixagrande.net\/classificado\/wp-content\/uploads\/2024\/01\/creas.jpg\" class=\"attachment-large size-large\" alt=\"\" srcset=\"https:\/\/www.baixagrande.net\/classificado\/wp-content\/uploads\/2024\/01\/creas.jpg 1019w, https:\/\/www.baixagrande.net\/classificado\/wp-content\/uploads\/2024\/01\/creas-300x160.jpg 300w, https:\/\/www.baixagrande.net\/classificado\/wp-content\/uploads\/2024\/01\/creas-768x410.jpg 768w\" sizes=\"auto, (max-width: 650px) 100vw, 650px\" \/>\t\t\t\t\t<\/a>\n\t\t\t\t\t\t\t<\/div>\n\t\t\t\t\t\t<div class='uagb-post__text uagb-post-grid-byline'>\n\t\t\t\t\t\t\t<\/div>\n\t\t\t\t\t\t<div class=\"uagb-post__text uagb-post__cta wp-block-button\">\n\t\t\t\t<a class=\"wp-block-button__link uagb-text-link\" style=\"\" href=\"https:\/\/www.baixagrande.net\/classificado\/2024\/01\/09\/creas\/\" target=\"_self\" rel=\"bookmark noopener noreferrer\">Mais Informa\u00e7\u00f5es<\/a>\n\t\t\t<\/div>\n\t\t\t\n\t\t\t\t\t\t\t\t\t<\/article>\n\t\t\t\t\t\t\t\t\t\t\t\t\t\t\t\t<article class=\"uagb-post__inner-wrap\">\t\t\t\t\t\t\t\t<div class='uagb-post__image'>\n\t\t\t\t\t\t\t\t\t<a href=\"https:\/\/www.baixagrande.net\/classificado\/2024\/01\/05\/plinio-tude-de-souza\/\" target=\"_self\" rel=\"bookmark noopener noreferrer\" class='uagb-image-ratio-inherit'><img loading=\"lazy\" decoding=\"async\" width=\"650\" height=\"347\" src=\"https:\/\/www.baixagrande.net\/classificado\/wp-content\/uploads\/2024\/01\/escola_pliniu.jpg\" class=\"attachment-large size-large\" alt=\"\" srcset=\"https:\/\/www.baixagrande.net\/classificado\/wp-content\/uploads\/2024\/01\/escola_pliniu.jpg 1019w, https:\/\/www.baixagrande.net\/classificado\/wp-content\/uploads\/2024\/01\/escola_pliniu-300x160.jpg 300w, https:\/\/www.baixagrande.net\/classificado\/wp-content\/uploads\/2024\/01\/escola_pliniu-768x410.jpg 768w\" sizes=\"auto, (max-width: 650px) 100vw, 650px\" \/>\t\t\t\t\t<\/a>\n\t\t\t\t\t\t\t<\/div>\n\t\t\t\t\t\t<div class='uagb-post__text uagb-post-grid-byline'>\n\t\t\t\t\t\t\t<\/div>\n\t\t\t\t\t\t<div class=\"uagb-post__text uagb-post__cta wp-block-button\">\n\t\t\t\t<a class=\"wp-block-button__link uagb-text-link\" style=\"\" href=\"https:\/\/www.baixagrande.net\/classificado\/2024\/01\/05\/plinio-tude-de-souza\/\" target=\"_self\" rel=\"bookmark noopener noreferrer\">Mais Informa\u00e7\u00f5es<\/a>\n\t\t\t<\/div>\n\t\t\t\n\t\t\t\t\t\t\t\t\t<\/article>\n\t\t\t\t\t\t\t\t\t\t\t\t\t\t\t\t<article class=\"uagb-post__inner-wrap\">\t\t\t\t\t\t\t\t<div class='uagb-post__image'>\n\t\t\t\t\t\t\t\t\t<a href=\"https:\/\/www.baixagrande.net\/classificado\/2024\/01\/04\/conselho-tutelar\/\" target=\"_self\" rel=\"bookmark noopener noreferrer\" class='uagb-image-ratio-inherit'><img loading=\"lazy\" decoding=\"async\" width=\"650\" height=\"347\" src=\"https:\/\/www.baixagrande.net\/classificado\/wp-content\/uploads\/2024\/01\/conselho_tutelar.jpg\" class=\"attachment-large size-large\" alt=\"\" srcset=\"https:\/\/www.baixagrande.net\/classificado\/wp-content\/uploads\/2024\/01\/conselho_tutelar.jpg 1019w, https:\/\/www.baixagrande.net\/classificado\/wp-content\/uploads\/2024\/01\/conselho_tutelar-300x160.jpg 300w, https:\/\/www.baixagrande.net\/classificado\/wp-content\/uploads\/2024\/01\/conselho_tutelar-768x410.jpg 768w\" sizes=\"auto, (max-width: 650px) 100vw, 650px\" \/>\t\t\t\t\t<\/a>\n\t\t\t\t\t\t\t<\/div>\n\t\t\t\t\t\t<div class='uagb-post__text uagb-post-grid-byline'>\n\t\t\t\t\t\t\t<\/div>\n\t\t\t\t\t\t<div class=\"uagb-post__text uagb-post__cta wp-block-button\">\n\t\t\t\t<a class=\"wp-block-button__link uagb-text-link\" style=\"\" href=\"https:\/\/www.baixagrande.net\/classificado\/2024\/01\/04\/conselho-tutelar\/\" target=\"_self\" rel=\"bookmark noopener noreferrer\">Mais Informa\u00e7\u00f5es<\/a>\n\t\t\t<\/div>\n\t\t\t\n\t\t\t\t\t\t\t\t\t<\/article>\n\t\t\t\t\t\t\t\t\t\t\t\t\t\t\t\t<article class=\"uagb-post__inner-wrap\">\t\t\t\t\t\t\t\t<div class='uagb-post__image'>\n\t\t\t\t\t\t\t\t\t<a href=\"https:\/\/www.baixagrande.net\/classificado\/2023\/12\/22\/secretaria-municipal-de-educacao-esporte-cultura-e-lazer\/\" target=\"_self\" rel=\"bookmark noopener noreferrer\" class='uagb-image-ratio-inherit'><img loading=\"lazy\" decoding=\"async\" width=\"650\" height=\"347\" src=\"https:\/\/www.baixagrande.net\/classificado\/wp-content\/uploads\/2023\/12\/sec_educacao.jpg\" class=\"attachment-large size-large\" alt=\"\" srcset=\"https:\/\/www.baixagrande.net\/classificado\/wp-content\/uploads\/2023\/12\/sec_educacao.jpg 1019w, https:\/\/www.baixagrande.net\/classificado\/wp-content\/uploads\/2023\/12\/sec_educacao-300x160.jpg 300w, https:\/\/www.baixagrande.net\/classificado\/wp-content\/uploads\/2023\/12\/sec_educacao-768x410.jpg 768w\" sizes=\"auto, (max-width: 650px) 100vw, 650px\" \/>\t\t\t\t\t<\/a>\n\t\t\t\t\t\t\t<\/div>\n\t\t\t\t\t\t<div class='uagb-post__text uagb-post-grid-byline'>\n\t\t\t\t\t\t\t<\/div>\n\t\t\t\t\t\t<div class=\"uagb-post__text uagb-post__cta wp-block-button\">\n\t\t\t\t<a class=\"wp-block-button__link uagb-text-link\" style=\"\" href=\"https:\/\/www.baixagrande.net\/classificado\/2023\/12\/22\/secretaria-municipal-de-educacao-esporte-cultura-e-lazer\/\" target=\"_self\" rel=\"bookmark noopener noreferrer\">Mais Informa\u00e7\u00f5es<\/a>\n\t\t\t<\/div>\n\t\t\t\n\t\t\t\t\t\t\t\t\t<\/article>\n\t\t\t\t\t\t\t\t\t\t\t\t\t\t\t\t<article class=\"uagb-post__inner-wrap\">\t\t\t\t\t\t\t\t<div class='uagb-post__image'>\n\t\t\t\t\t\t\t\t\t<a href=\"https:\/\/www.baixagrande.net\/classificado\/2023\/12\/22\/empresa-baiana-de-aguas-e-saneamento-embasa\/\" target=\"_self\" rel=\"bookmark noopener noreferrer\" class='uagb-image-ratio-inherit'><img loading=\"lazy\" decoding=\"async\" width=\"650\" height=\"347\" src=\"https:\/\/www.baixagrande.net\/classificado\/wp-content\/uploads\/2023\/12\/embasa.jpg\" class=\"attachment-large size-large\" alt=\"\" srcset=\"https:\/\/www.baixagrande.net\/classificado\/wp-content\/uploads\/2023\/12\/embasa.jpg 1019w, https:\/\/www.baixagrande.net\/classificado\/wp-content\/uploads\/2023\/12\/embasa-300x160.jpg 300w, https:\/\/www.baixagrande.net\/classificado\/wp-content\/uploads\/2023\/12\/embasa-768x410.jpg 768w\" sizes=\"auto, (max-width: 650px) 100vw, 650px\" \/>\t\t\t\t\t<\/a>\n\t\t\t\t\t\t\t<\/div>\n\t\t\t\t\t\t<div class='uagb-post__text uagb-post-grid-byline'>\n\t\t\t\t\t\t\t<\/div>\n\t\t\t\t\t\t<div class=\"uagb-post__text uagb-post__cta wp-block-button\">\n\t\t\t\t<a class=\"wp-block-button__link uagb-text-link\" style=\"\" href=\"https:\/\/www.baixagrande.net\/classificado\/2023\/12\/22\/empresa-baiana-de-aguas-e-saneamento-embasa\/\" target=\"_self\" rel=\"bookmark noopener noreferrer\">Mais Informa\u00e7\u00f5es<\/a>\n\t\t\t<\/div>\n\t\t\t\n\t\t\t\t\t\t\t\t\t<\/article>\n\t\t\t\t\t\t\t\t\t\t\t\t\t\t\t\t<article class=\"uagb-post__inner-wrap\">\t\t\t\t\t\t\t\t<div class='uagb-post__image'>\n\t\t\t\t\t\t\t\t\t<a href=\"https:\/\/www.baixagrande.net\/classificado\/2023\/12\/21\/secretaria-municipal-de-saude\/\" target=\"_self\" rel=\"bookmark noopener noreferrer\" class='uagb-image-ratio-inherit'><img loading=\"lazy\" decoding=\"async\" width=\"650\" height=\"347\" src=\"https:\/\/www.baixagrande.net\/classificado\/wp-content\/uploads\/2023\/12\/sec_saude.jpg\" class=\"attachment-large size-large\" alt=\"\" srcset=\"https:\/\/www.baixagrande.net\/classificado\/wp-content\/uploads\/2023\/12\/sec_saude.jpg 1019w, https:\/\/www.baixagrande.net\/classificado\/wp-content\/uploads\/2023\/12\/sec_saude-300x160.jpg 300w, https:\/\/www.baixagrande.net\/classificado\/wp-content\/uploads\/2023\/12\/sec_saude-768x410.jpg 768w\" sizes=\"auto, (max-width: 650px) 100vw, 650px\" \/>\t\t\t\t\t<\/a>\n\t\t\t\t\t\t\t<\/div>\n\t\t\t\t\t\t<div class='uagb-post__text uagb-post-grid-byline'>\n\t\t\t\t\t\t\t<\/div>\n\t\t\t\t\t\t<div class=\"uagb-post__text uagb-post__cta wp-block-button\">\n\t\t\t\t<a class=\"wp-block-button__link uagb-text-link\" style=\"\" href=\"https:\/\/www.baixagrande.net\/classificado\/2023\/12\/21\/secretaria-municipal-de-saude\/\" target=\"_self\" rel=\"bookmark noopener noreferrer\">Mais Informa\u00e7\u00f5es<\/a>\n\t\t\t<\/div>\n\t\t\t\n\t\t\t\t\t\t\t\t\t<\/article>\n\t\t\t\t\t\t\t\t\t\t\t\t\t\t\t\t<article class=\"uagb-post__inner-wrap\">\t\t\t\t\t\t\t\t<div class='uagb-post__image'>\n\t\t\t\t\t\t\t\t\t<a href=\"https:\/\/www.baixagrande.net\/classificado\/2023\/12\/21\/secretaria-municipal-de-acao-social\/\" target=\"_self\" rel=\"bookmark noopener noreferrer\" class='uagb-image-ratio-inherit'><img loading=\"lazy\" decoding=\"async\" width=\"650\" height=\"347\" src=\"https:\/\/www.baixagrande.net\/classificado\/wp-content\/uploads\/2023\/12\/sec_assistencia.jpg\" class=\"attachment-large size-large\" alt=\"\" srcset=\"https:\/\/www.baixagrande.net\/classificado\/wp-content\/uploads\/2023\/12\/sec_assistencia.jpg 1019w, https:\/\/www.baixagrande.net\/classificado\/wp-content\/uploads\/2023\/12\/sec_assistencia-300x160.jpg 300w, https:\/\/www.baixagrande.net\/classificado\/wp-content\/uploads\/2023\/12\/sec_assistencia-768x410.jpg 768w\" sizes=\"auto, (max-width: 650px) 100vw, 650px\" \/>\t\t\t\t\t<\/a>\n\t\t\t\t\t\t\t<\/div>\n\t\t\t\t\t\t<div class='uagb-post__text uagb-post-grid-byline'>\n\t\t\t\t\t\t\t<\/div>\n\t\t\t\t\t\t<div class=\"uagb-post__text uagb-post__cta wp-block-button\">\n\t\t\t\t<a class=\"wp-block-button__link uagb-text-link\" style=\"\" href=\"https:\/\/www.baixagrande.net\/classificado\/2023\/12\/21\/secretaria-municipal-de-acao-social\/\" target=\"_self\" rel=\"bookmark noopener noreferrer\">Mais Informa\u00e7\u00f5es<\/a>\n\t\t\t<\/div>\n\t\t\t\n\t\t\t\t\t\t\t\t\t<\/article>\n\t\t\t\t\t\t\t\t\t\t\t\t\t\t\t\t<article class=\"uagb-post__inner-wrap\">\t\t\t\t\t\t\t\t<div class='uagb-post__image'>\n\t\t\t\t\t\t\t\t\t<a href=\"https:\/\/www.baixagrande.net\/classificado\/2023\/11\/19\/camara-municipal-de-vereadores\/\" target=\"_self\" rel=\"bookmark noopener noreferrer\" class='uagb-image-ratio-inherit'><img loading=\"lazy\" decoding=\"async\" width=\"650\" height=\"347\" src=\"https:\/\/www.baixagrande.net\/classificado\/wp-content\/uploads\/2023\/11\/camara.jpg\" class=\"attachment-large size-large\" alt=\"\" srcset=\"https:\/\/www.baixagrande.net\/classificado\/wp-content\/uploads\/2023\/11\/camara.jpg 1019w, https:\/\/www.baixagrande.net\/classificado\/wp-content\/uploads\/2023\/11\/camara-300x160.jpg 300w, https:\/\/www.baixagrande.net\/classificado\/wp-content\/uploads\/2023\/11\/camara-768x410.jpg 768w\" sizes=\"auto, (max-width: 650px) 100vw, 650px\" \/>\t\t\t\t\t<\/a>\n\t\t\t\t\t\t\t<\/div>\n\t\t\t\t\t\t<div class='uagb-post__text uagb-post-grid-byline'>\n\t\t\t\t\t\t\t<\/div>\n\t\t\t\t\t\t<div class=\"uagb-post__text uagb-post__cta wp-block-button\">\n\t\t\t\t<a class=\"wp-block-button__link uagb-text-link\" style=\"\" href=\"https:\/\/www.baixagrande.net\/classificado\/2023\/11\/19\/camara-municipal-de-vereadores\/\" target=\"_self\" rel=\"bookmark noopener noreferrer\">Mais Informa\u00e7\u00f5es<\/a>\n\t\t\t<\/div>\n\t\t\t\n\t\t\t\t\t\t\t\t\t<\/article>\n\t\t\t\t\t\t\t\t\t\t\t\t\t\t\t\t<article class=\"uagb-post__inner-wrap\">\t\t\t\t\t\t\t\t<div class='uagb-post__image'>\n\t\t\t\t\t\t\t\t\t<a href=\"https:\/\/www.baixagrande.net\/classificado\/2023\/10\/16\/prefeitura-municipal-de-baixa-grande\/\" target=\"_self\" rel=\"bookmark noopener noreferrer\" class='uagb-image-ratio-inherit'><img loading=\"lazy\" decoding=\"async\" width=\"650\" height=\"347\" src=\"https:\/\/www.baixagrande.net\/classificado\/wp-content\/uploads\/2023\/10\/prefeitura-1.jpg\" class=\"attachment-large size-large\" alt=\"\" srcset=\"https:\/\/www.baixagrande.net\/classificado\/wp-content\/uploads\/2023\/10\/prefeitura-1.jpg 1019w, https:\/\/www.baixagrande.net\/classificado\/wp-content\/uploads\/2023\/10\/prefeitura-1-300x160.jpg 300w, https:\/\/www.baixagrande.net\/classificado\/wp-content\/uploads\/2023\/10\/prefeitura-1-768x410.jpg 768w\" sizes=\"auto, (max-width: 650px) 100vw, 650px\" \/>\t\t\t\t\t<\/a>\n\t\t\t\t\t\t\t<\/div>\n\t\t\t\t\t\t<div class='uagb-post__text uagb-post-grid-byline'>\n\t\t\t\t\t\t\t<\/div>\n\t\t\t\t\t\t<div class=\"uagb-post__text uagb-post__cta wp-block-button\">\n\t\t\t\t<a class=\"wp-block-button__link uagb-text-link\" style=\"\" href=\"https:\/\/www.baixagrande.net\/classificado\/2023\/10\/16\/prefeitura-municipal-de-baixa-grande\/\" target=\"_self\" rel=\"bookmark noopener noreferrer\">Mais Informa\u00e7\u00f5es<\/a>\n\t\t\t<\/div>\n\t\t\t\n\t\t\t\t\t\t\t\t\t<\/article>\n\t\t\t\t\t\t\t\t\t\t\t\t\t\t\t\t<article class=\"uagb-post__inner-wrap\">\t\t\t\t\t\t\t\t<div class='uagb-post__image'>\n\t\t\t\t\t\t\t\t\t<a href=\"https:\/\/www.baixagrande.net\/classificado\/2023\/10\/12\/4a-retran-detran\/\" target=\"_self\" rel=\"bookmark noopener noreferrer\" class='uagb-image-ratio-inherit'><img loading=\"lazy\" decoding=\"async\" width=\"650\" height=\"347\" src=\"https:\/\/www.baixagrande.net\/classificado\/wp-content\/uploads\/2023\/10\/detran.jpg\" class=\"attachment-large size-large\" alt=\"\" srcset=\"https:\/\/www.baixagrande.net\/classificado\/wp-content\/uploads\/2023\/10\/detran.jpg 1019w, https:\/\/www.baixagrande.net\/classificado\/wp-content\/uploads\/2023\/10\/detran-300x160.jpg 300w, https:\/\/www.baixagrande.net\/classificado\/wp-content\/uploads\/2023\/10\/detran-768x410.jpg 768w\" sizes=\"auto, (max-width: 650px) 100vw, 650px\" \/>\t\t\t\t\t<\/a>\n\t\t\t\t\t\t\t<\/div>\n\t\t\t\t\t\t<div class='uagb-post__text uagb-post-grid-byline'>\n\t\t\t\t\t\t\t<\/div>\n\t\t\t\t\t\t<div class=\"uagb-post__text uagb-post__cta wp-block-button\">\n\t\t\t\t<a class=\"wp-block-button__link uagb-text-link\" style=\"\" href=\"https:\/\/www.baixagrande.net\/classificado\/2023\/10\/12\/4a-retran-detran\/\" target=\"_self\" rel=\"bookmark noopener noreferrer\">Mais Informa\u00e7\u00f5es<\/a>\n\t\t\t<\/div>\n\t\t\t\n\t\t\t\t\t\t\t\t\t<\/article>\n\t\t\t\t\t\t\t\t\t\t\t\t\t\t\t\t<article class=\"uagb-post__inner-wrap\">\t\t\t\t\t\t\t\t<div class='uagb-post__image'>\n\t\t\t\t\t\t\t\t\t<a href=\"https:\/\/www.baixagrande.net\/classificado\/2023\/10\/11\/colegio-estadual-jose-ribeiro-pamponet\/\" target=\"_self\" rel=\"bookmark noopener noreferrer\" class='uagb-image-ratio-inherit'><img loading=\"lazy\" decoding=\"async\" width=\"650\" height=\"347\" src=\"https:\/\/www.baixagrande.net\/classificado\/wp-content\/uploads\/2023\/10\/jose_ribeiro.jpg\" class=\"attachment-large size-large\" alt=\"\" srcset=\"https:\/\/www.baixagrande.net\/classificado\/wp-content\/uploads\/2023\/10\/jose_ribeiro.jpg 1019w, https:\/\/www.baixagrande.net\/classificado\/wp-content\/uploads\/2023\/10\/jose_ribeiro-300x160.jpg 300w, https:\/\/www.baixagrande.net\/classificado\/wp-content\/uploads\/2023\/10\/jose_ribeiro-768x410.jpg 768w\" sizes=\"auto, (max-width: 650px) 100vw, 650px\" \/>\t\t\t\t\t<\/a>\n\t\t\t\t\t\t\t<\/div>\n\t\t\t\t\t\t<div class='uagb-post__text uagb-post-grid-byline'>\n\t\t\t\t\t\t\t<\/div>\n\t\t\t\t\t\t<div class=\"uagb-post__text uagb-post__cta wp-block-button\">\n\t\t\t\t<a class=\"wp-block-button__link uagb-text-link\" style=\"\" href=\"https:\/\/www.baixagrande.net\/classificado\/2023\/10\/11\/colegio-estadual-jose-ribeiro-pamponet\/\" target=\"_self\" rel=\"bookmark noopener noreferrer\">Mais Informa\u00e7\u00f5es<\/a>\n\t\t\t<\/div>\n\t\t\t\n\t\t\t\t\t\t\t\t\t<\/article>\n\t\t\t\t\t\t\t\t\t\t\t\t\t\t\t\t<article class=\"uagb-post__inner-wrap\">\t\t\t\t\t\t\t\t<div class='uagb-post__image'>\n\t\t\t\t\t\t\t\t\t<a href=\"https:\/\/www.baixagrande.net\/classificado\/2023\/10\/05\/terminal-rodoviario-de-baixa-grande\/\" target=\"_self\" rel=\"bookmark noopener noreferrer\" class='uagb-image-ratio-inherit'><img loading=\"lazy\" decoding=\"async\" width=\"650\" height=\"347\" src=\"https:\/\/www.baixagrande.net\/classificado\/wp-content\/uploads\/2023\/10\/rodo.jpg\" class=\"attachment-large size-large\" alt=\"\" srcset=\"https:\/\/www.baixagrande.net\/classificado\/wp-content\/uploads\/2023\/10\/rodo.jpg 1019w, https:\/\/www.baixagrande.net\/classificado\/wp-content\/uploads\/2023\/10\/rodo-300x160.jpg 300w, https:\/\/www.baixagrande.net\/classificado\/wp-content\/uploads\/2023\/10\/rodo-768x410.jpg 768w\" sizes=\"auto, (max-width: 650px) 100vw, 650px\" \/>\t\t\t\t\t<\/a>\n\t\t\t\t\t\t\t<\/div>\n\t\t\t\t\t\t<div class='uagb-post__text uagb-post-grid-byline'>\n\t\t\t\t\t\t\t<\/div>\n\t\t\t\t\t\t<div class=\"uagb-post__text uagb-post__cta wp-block-button\">\n\t\t\t\t<a class=\"wp-block-button__link uagb-text-link\" style=\"\" href=\"https:\/\/www.baixagrande.net\/classificado\/2023\/10\/05\/terminal-rodoviario-de-baixa-grande\/\" target=\"_self\" rel=\"bookmark noopener noreferrer\">Mais Informa\u00e7\u00f5es<\/a>\n\t\t\t<\/div>\n\t\t\t\n\t\t\t\t\t\t\t\t\t<\/article>\n\t\t\t\t\t\t\t\t\t\t\t<\/div>\n\t\t\t\n\n<div class=\"wp-block-image is-style-rounded\">\n<figure class=\"aligncenter size-full\"><img loading=\"lazy\" decoding=\"async\" width=\"827\" height=\"170\" src=\"https:\/\/www.baixagrande.net\/classificado\/wp-content\/uploads\/2023\/10\/o-que-procura.jpg\" alt=\"Procura\" class=\"wp-image-611\" srcset=\"https:\/\/www.baixagrande.net\/classificado\/wp-content\/uploads\/2023\/10\/o-que-procura.jpg 827w, https:\/\/www.baixagrande.net\/classificado\/wp-content\/uploads\/2023\/10\/o-que-procura-300x62.jpg 300w, https:\/\/www.baixagrande.net\/classificado\/wp-content\/uploads\/2023\/10\/o-que-procura-768x158.jpg 768w\" sizes=\"auto, (max-width: 827px) 100vw, 827px\" \/><\/figure>\n<\/div><div class=\"pvc_clear\"><\/div><p id=\"pvc_stats_537\" class=\"pvc_stats total_only  \" data-element-id=\"537\" style=\"\"><i class=\"pvc-stats-icon medium\" aria-hidden=\"true\"><svg aria-hidden=\"true\" focusable=\"false\" data-prefix=\"far\" data-icon=\"chart-bar\" role=\"img\" xmlns=\"http:\/\/www.w3.org\/2000\/svg\" viewBox=\"0 0 512 512\" class=\"svg-inline--fa fa-chart-bar fa-w-16 fa-2x\"><path fill=\"currentColor\" d=\"M396.8 352h22.4c6.4 0 12.8-6.4 12.8-12.8V108.8c0-6.4-6.4-12.8-12.8-12.8h-22.4c-6.4 0-12.8 6.4-12.8 12.8v230.4c0 6.4 6.4 12.8 12.8 12.8zm-192 0h22.4c6.4 0 12.8-6.4 12.8-12.8V140.8c0-6.4-6.4-12.8-12.8-12.8h-22.4c-6.4 0-12.8 6.4-12.8 12.8v198.4c0 6.4 6.4 12.8 12.8 12.8zm96 0h22.4c6.4 0 12.8-6.4 12.8-12.8V204.8c0-6.4-6.4-12.8-12.8-12.8h-22.4c-6.4 0-12.8 6.4-12.8 12.8v134.4c0 6.4 6.4 12.8 12.8 12.8zM496 400H48V80c0-8.84-7.16-16-16-16H16C7.16 64 0 71.16 0 80v336c0 17.67 14.33 32 32 32h464c8.84 0 16-7.16 16-16v-16c0-8.84-7.16-16-16-16zm-387.2-48h22.4c6.4 0 12.8-6.4 12.8-12.8v-70.4c0-6.4-6.4-12.8-12.8-12.8h-22.4c-6.4 0-12.8 6.4-12.8 12.8v70.4c0 6.4 6.4 12.8 12.8 12.8z\" class=\"\"><\/path><\/svg><\/i> <img loading=\"lazy\" decoding=\"async\" width=\"16\" height=\"16\" alt=\"Loading\" src=\"https:\/\/www.baixagrande.net\/classificado\/wp-content\/plugins\/page-views-count\/ajax-loader-2x.gif\" border=0 \/><\/p><div class=\"pvc_clear\"><\/div>","protected":false},"excerpt":{"rendered":"<div class=\"pvc_clear\"><\/div>\n<p id=\"pvc_stats_537\" class=\"pvc_stats total_only  \" data-element-id=\"537\" style=\"\"><i class=\"pvc-stats-icon medium\" aria-hidden=\"true\"><svg aria-hidden=\"true\" focusable=\"false\" data-prefix=\"far\" data-icon=\"chart-bar\" role=\"img\" xmlns=\"http:\/\/www.w3.org\/2000\/svg\" viewBox=\"0 0 512 512\" class=\"svg-inline--fa fa-chart-bar fa-w-16 fa-2x\"><path fill=\"currentColor\" d=\"M396.8 352h22.4c6.4 0 12.8-6.4 12.8-12.8V108.8c0-6.4-6.4-12.8-12.8-12.8h-22.4c-6.4 0-12.8 6.4-12.8 12.8v230.4c0 6.4 6.4 12.8 12.8 12.8zm-192 0h22.4c6.4 0 12.8-6.4 12.8-12.8V140.8c0-6.4-6.4-12.8-12.8-12.8h-22.4c-6.4 0-12.8 6.4-12.8 12.8v198.4c0 6.4 6.4 12.8 12.8 12.8zm96 0h22.4c6.4 0 12.8-6.4 12.8-12.8V204.8c0-6.4-6.4-12.8-12.8-12.8h-22.4c-6.4 0-12.8 6.4-12.8 12.8v134.4c0 6.4 6.4 12.8 12.8 12.8zM496 400H48V80c0-8.84-7.16-16-16-16H16C7.16 64 0 71.16 0 80v336c0 17.67 14.33 32 32 32h464c8.84 0 16-7.16 16-16v-16c0-8.84-7.16-16-16-16zm-387.2-48h22.4c6.4 0 12.8-6.4 12.8-12.8v-70.4c0-6.4-6.4-12.8-12.8-12.8h-22.4c-6.4 0-12.8 6.4-12.8 12.8v70.4c0 6.4 6.4 12.8 12.8 12.8z\" class=\"\"><\/path><\/svg><\/i> <img loading=\"lazy\" decoding=\"async\" width=\"16\" height=\"16\" alt=\"Loading\" src=\"https:\/\/www.baixagrande.net\/classificado\/wp-content\/plugins\/page-views-count\/ajax-loader-2x.gif\" border=0 \/><\/p>\n<div class=\"pvc_clear\"><\/div>\n","protected":false},"author":1,"featured_media":0,"parent":0,"menu_order":0,"comment_status":"closed","ping_status":"closed","template":"","meta":{"_uag_custom_page_level_css":"","footnotes":""},"class_list":["post-537","page","type-page","status-publish","hentry"],"uagb_featured_image_src":{"full":false,"thumbnail":false,"medium":false,"medium_large":false,"large":false,"1536x1536":false,"2048x2048":false},"uagb_author_info":{"display_name":"ediomario","author_link":"https:\/\/www.baixagrande.net\/classificado\/author\/ediomario-catureba\/"},"uagb_comment_info":0,"uagb_excerpt":null,"_links":{"self":[{"href":"https:\/\/www.baixagrande.net\/classificado\/wp-json\/wp\/v2\/pages\/537","targetHints":{"allow":["GET"]}}],"collection":[{"href":"https:\/\/www.baixagrande.net\/classificado\/wp-json\/wp\/v2\/pages"}],"about":[{"href":"https:\/\/www.baixagrande.net\/classificado\/wp-json\/wp\/v2\/types\/page"}],"author":[{"embeddable":true,"href":"https:\/\/www.baixagrande.net\/classificado\/wp-json\/wp\/v2\/users\/1"}],"replies":[{"embeddable":true,"href":"https:\/\/www.baixagrande.net\/classificado\/wp-json\/wp\/v2\/comments?post=537"}],"version-history":[{"count":3,"href":"https:\/\/www.baixagrande.net\/classificado\/wp-json\/wp\/v2\/pages\/537\/revisions"}],"predecessor-version":[{"id":1379,"href":"https:\/\/www.baixagrande.net\/classificado\/wp-json\/wp\/v2\/pages\/537\/revisions\/1379"}],"wp:attachment":[{"href":"https:\/\/www.baixagrande.net\/classificado\/wp-json\/wp\/v2\/media?parent=537"}],"curies":[{"name":"wp","href":"https:\/\/api.w.org\/{rel}","templated":true}]}}